{"id":798,"date":"2024-08-27T13:48:17","date_gmt":"2024-08-27T13:48:17","guid":{"rendered":"https:\/\/space.com.hr\/privacy-policy\/"},"modified":"2025-01-21T12:46:15","modified_gmt":"2025-01-21T12:46:15","slug":"privacy-policy","status":"publish","type":"page","link":"https:\/\/space.com.hr\/de\/privacy-policy\/","title":{"rendered":"Datenschutzerkl\u00e4rung"},"content":{"rendered":"\n<h2 class=\"wp-block-heading\">Wer wir sind<\/h2>\n\n\n\n<p>Die Adresse unserer Website lautet: <a href=\"https:\/\/www.space.com.hr\/\">www.space.com.hr<\/a><\/p>\n\n\n\n<h2 class=\"wp-block-heading\">Kontaktformulare<\/h2>\n\n\n\n<p>Wenn Sie uns \u00fcber ein Kontaktformular eine Anfrage senden, erfassen wir die von Ihnen eingegebenen Daten, einschlie\u00dflich Ihres Namens, Ihrer E-Mail-Adresse und Ihrer Nachricht. Diese Daten werden ausschlie\u00dflich zur Beantwortung Ihrer Anfrage verwendet und nicht ohne Ihre Zustimmung an Dritte weitergegeben.<\/p>\n\n\n\n<h2 class=\"wp-block-heading\">Server-Logs<\/h2>\n\n\n\n<p><strong>Na\u0161 web hosting provider automatski bilje\u017ei odre\u0111ene podatke prilikom pristupa stranici, uklju\u010duju\u0107i va\u0161u IP adresu, vrstu preglednika, vrijeme posjeta i pregledane stranice. Ovi podaci koriste se za odr\u017eavanje sigurnosti i performansi stranice.<\/strong><\/p>\n\n\n\n<h2 class=\"wp-block-heading\">Eingebettete Inhalte von anderen Websites<\/h2>\n\n\n\n<p>Beitr\u00e4ge auf dieser Website k\u00f6nnen eingebettete Inhalte enthalten (z. B. Videos, Bilder, Artikel usw.). Eingebettete Inhalte von anderen Websites verhalten sich so, als ob der Besucher diese anderen Websites direkt besucht h\u00e4tte.<\/p>\n\n\n\n<p>Diese Websites k\u00f6nnen Daten \u00fcber Sie sammeln, Cookies verwenden, zus\u00e4tzliche Tracking-Dienste von Dritten einbetten und Ihre Interaktion mit diesen eingebetteten Inhalten aufzeichnen, einschlie\u00dflich der Nachverfolgung Ihrer Interaktion, wenn Sie ein Konto haben und auf diesen Websites angemeldet sind.<\/p>\n\n\n\n<h2 class=\"wp-block-heading\">Statistiken und Analysen<\/h2>\n\n\n\n<p>Wir verwenden Analysetools (wie Google Analytics), um den Traffic auf unserer Website zu \u00fcberwachen. Diese Tools erfassen Daten wie Ihre IP-Adresse, den Ger\u00e4tetyp, den Browsertyp und die auf der Website verbrachte Zeit. Diese Daten werden ausschlie\u00dflich verwendet, um unsere Website zu verbessern, und sind nicht mit der pers\u00f6nlichen Identit\u00e4t der Nutzer verkn\u00fcpft.<\/p>\n\n\n\n<h2 class=\"wp-block-heading\">Wie lange wir Ihre Daten speichern<\/h2>\n\n\n\n<p>Die \u00fcber das Kontaktformular erfassten Daten werden nur so lange gespeichert, wie es zur Bearbeitung Ihrer Anfrage erforderlich ist. Die Server-Logs werden gem\u00e4\u00df den Richtlinien unseres Hosting-Anbieters aufbewahrt.<\/p>\n\n\n\n<h2 class=\"wp-block-heading\">Welche Rechte Sie an Ihren Daten haben<\/h2>\n\n\n\n<p>Wenn Sie uns eine Anfrage \u00fcber das Kontaktformular gesendet haben, k\u00f6nnen Sie eine Kopie der personenbezogenen Daten anfordern, die wir \u00fcber Sie gespeichert haben, oder verlangen, dass wir diese Daten l\u00f6schen. Dies schlie\u00dft keine Daten ein, die wir aus administrativen, rechtlichen oder Sicherheitsgr\u00fcnden aufbewahren m\u00fcssen.<\/p>\n\n\n\n<h2 class=\"wp-block-heading\">Kontaktieren Sie uns<\/h2>\n\n\n\n<p><strong><strong>Adresse:<\/strong><\/strong><br>Zagreba\u010dka 143A,<br>10 000 Zagreb<\/p>\n\n\n\n<p><strong>Kontakt:<\/strong><br>E-mail: <a>marin@space.com.hr<\/a><br>Telefon: +385 99 2824 407<\/p>\n\n\n\n<p><\/p>\n","protected":false},"excerpt":{"rendered":"<p>Wer wir sind Die Adresse unserer Website lautet: www.space.com.hr Kontaktformulare Wenn Sie uns \u00fcber ein Kontaktformular eine Anfrage senden, erfassen wir die [&hellip;]<\/p>\n","protected":false},"author":1,"featured_media":0,"parent":0,"menu_order":0,"comment_status":"closed","ping_status":"closed","template":"","meta":{"footnotes":""},"class_list":["post-798","page","type-page","status-publish","hentry"],"yoast_head":"<!-- This site is optimized with the Yoast SEO plugin v24.6 - https:\/\/yoast.com\/wordpress\/plugins\/seo\/ -->\n<title>Datenschutzerkl\u00e4rung - Space<\/title>\n<meta name=\"robots\" content=\"index, follow, max-snippet:-1, max-image-preview:large, max-video-preview:-1\" \/>\n<link rel=\"canonical\" href=\"https:\/\/space.com.hr\/privacy-policy\/\" \/>\n<meta property=\"og:locale\" content=\"de_DE\" \/>\n<meta property=\"og:type\" content=\"article\" \/>\n<meta property=\"og:title\" content=\"Datenschutzerkl\u00e4rung - Space\" \/>\n<meta property=\"og:description\" content=\"Wer wir sind Die Adresse unserer Website lautet: www.space.com.hr Kontaktformulare Wenn Sie uns \u00fcber ein Kontaktformular eine Anfrage senden, erfassen wir die [&hellip;]\" \/>\n<meta property=\"og:url\" content=\"https:\/\/space.com.hr\/privacy-policy\/\" \/>\n<meta property=\"og:site_name\" content=\"Space\" \/>\n<meta property=\"article:modified_time\" content=\"2025-01-21T12:46:15+00:00\" \/>\n<meta name=\"twitter:card\" content=\"summary_large_image\" \/>\n<meta name=\"twitter:label1\" content=\"Gesch\u00e4tzte Lesezeit\" \/>\n\t<meta name=\"twitter:data1\" content=\"2\u00a0Minuten\" \/>\n<script type=\"application\/ld+json\" class=\"yoast-schema-graph\">{\"@context\":\"https:\/\/schema.org\",\"@graph\":[{\"@type\":\"WebPage\",\"@id\":\"https:\/\/space.com.hr\/privacy-policy\/\",\"url\":\"https:\/\/space.com.hr\/privacy-policy\/\",\"name\":\"Datenschutzerkl\u00e4rung - Space\",\"isPartOf\":{\"@id\":\"https:\/\/space.com.hr\/#website\"},\"datePublished\":\"2024-08-27T13:48:17+00:00\",\"dateModified\":\"2025-01-21T12:46:15+00:00\",\"breadcrumb\":{\"@id\":\"https:\/\/space.com.hr\/privacy-policy\/#breadcrumb\"},\"inLanguage\":\"de\",\"potentialAction\":[{\"@type\":\"ReadAction\",\"target\":[\"https:\/\/space.com.hr\/privacy-policy\/\"]}]},{\"@type\":\"BreadcrumbList\",\"@id\":\"https:\/\/space.com.hr\/privacy-policy\/#breadcrumb\",\"itemListElement\":[{\"@type\":\"ListItem\",\"position\":1,\"name\":\"Po\u010detna stranica\",\"item\":\"https:\/\/space.com.hr\/\"},{\"@type\":\"ListItem\",\"position\":2,\"name\":\"Datenschutzerkl\u00e4rung\"}]},{\"@type\":\"WebSite\",\"@id\":\"https:\/\/space.com.hr\/#website\",\"url\":\"https:\/\/space.com.hr\/\",\"name\":\"Space\",\"description\":\"\",\"potentialAction\":[{\"@type\":\"SearchAction\",\"target\":{\"@type\":\"EntryPoint\",\"urlTemplate\":\"https:\/\/space.com.hr\/?s={search_term_string}\"},\"query-input\":{\"@type\":\"PropertyValueSpecification\",\"valueRequired\":true,\"valueName\":\"search_term_string\"}}],\"inLanguage\":\"de\"}]}<\/script>\n<!-- \/ Yoast SEO plugin. -->","yoast_head_json":{"title":"Datenschutzerkl\u00e4rung - Space","robots":{"index":"index","follow":"follow","max-snippet":"max-snippet:-1","max-image-preview":"max-image-preview:large","max-video-preview":"max-video-preview:-1"},"canonical":"https:\/\/space.com.hr\/privacy-policy\/","og_locale":"de_DE","og_type":"article","og_title":"Datenschutzerkl\u00e4rung - Space","og_description":"Wer wir sind Die Adresse unserer Website lautet: www.space.com.hr Kontaktformulare Wenn Sie uns \u00fcber ein Kontaktformular eine Anfrage senden, erfassen wir die [&hellip;]","og_url":"https:\/\/space.com.hr\/privacy-policy\/","og_site_name":"Space","article_modified_time":"2025-01-21T12:46:15+00:00","twitter_card":"summary_large_image","twitter_misc":{"Gesch\u00e4tzte Lesezeit":"2\u00a0Minuten"},"schema":{"@context":"https:\/\/schema.org","@graph":[{"@type":"WebPage","@id":"https:\/\/space.com.hr\/privacy-policy\/","url":"https:\/\/space.com.hr\/privacy-policy\/","name":"Datenschutzerkl\u00e4rung - Space","isPartOf":{"@id":"https:\/\/space.com.hr\/#website"},"datePublished":"2024-08-27T13:48:17+00:00","dateModified":"2025-01-21T12:46:15+00:00","breadcrumb":{"@id":"https:\/\/space.com.hr\/privacy-policy\/#breadcrumb"},"inLanguage":"de","potentialAction":[{"@type":"ReadAction","target":["https:\/\/space.com.hr\/privacy-policy\/"]}]},{"@type":"BreadcrumbList","@id":"https:\/\/space.com.hr\/privacy-policy\/#breadcrumb","itemListElement":[{"@type":"ListItem","position":1,"name":"Po\u010detna stranica","item":"https:\/\/space.com.hr\/"},{"@type":"ListItem","position":2,"name":"Datenschutzerkl\u00e4rung"}]},{"@type":"WebSite","@id":"https:\/\/space.com.hr\/#website","url":"https:\/\/space.com.hr\/","name":"Space","description":"","potentialAction":[{"@type":"SearchAction","target":{"@type":"EntryPoint","urlTemplate":"https:\/\/space.com.hr\/?s={search_term_string}"},"query-input":{"@type":"PropertyValueSpecification","valueRequired":true,"valueName":"search_term_string"}}],"inLanguage":"de"}]}},"_links":{"self":[{"href":"https:\/\/space.com.hr\/de\/wp-json\/wp\/v2\/pages\/798","targetHints":{"allow":["GET"]}}],"collection":[{"href":"https:\/\/space.com.hr\/de\/wp-json\/wp\/v2\/pages"}],"about":[{"href":"https:\/\/space.com.hr\/de\/wp-json\/wp\/v2\/types\/page"}],"author":[{"embeddable":true,"href":"https:\/\/space.com.hr\/de\/wp-json\/wp\/v2\/users\/1"}],"replies":[{"embeddable":true,"href":"https:\/\/space.com.hr\/de\/wp-json\/wp\/v2\/comments?post=798"}],"version-history":[{"count":1,"href":"https:\/\/space.com.hr\/de\/wp-json\/wp\/v2\/pages\/798\/revisions"}],"predecessor-version":[{"id":800,"href":"https:\/\/space.com.hr\/de\/wp-json\/wp\/v2\/pages\/798\/revisions\/800"}],"wp:attachment":[{"href":"https:\/\/space.com.hr\/de\/wp-json\/wp\/v2\/media?parent=798"}],"curies":[{"name":"wp","href":"https:\/\/api.w.org\/{rel}","templated":true}]}}